{"id":15,"date":"2014-11-05T12:28:26","date_gmt":"2014-11-05T12:28:26","guid":{"rendered":"http:\/\/iging.me\/?page_id=15"},"modified":"2017-12-19T13:13:15","modified_gmt":"2017-12-19T13:13:15","slug":"get-connected-to-nature-self-and-origin","status":"publish","type":"page","link":"https:\/\/www.iging.me\/?page_id=15","title":{"rendered":"getconnected to nature, self, others and origin Philosophie"},"content":{"rendered":"<p><a href=\"http:\/\/www.iging.me\/wp-content\/uploads\/2014\/11\/IMGP35401.jpg\"><img loading=\"lazy\" decoding=\"async\" class=\"alignnone size-medium wp-image-385\" src=\"http:\/\/www.iging.me\/wp-content\/uploads\/2014\/11\/IMGP35401-199x300.jpg\" alt=\"IMGP3540\" width=\"199\" height=\"300\" srcset=\"https:\/\/www.iging.me\/wp-content\/uploads\/2014\/11\/IMGP35401-199x300.jpg 199w, https:\/\/www.iging.me\/wp-content\/uploads\/2014\/11\/IMGP35401-680x1024.jpg 680w\" sizes=\"auto, (max-width: 199px) 100vw, 199px\" \/><\/a><\/p>\n<p><em>\u201eVerbinde Dich mit der Natur, dann bist Du gut mit Dir selbst und anderen verbunden und kannst in der Einfachheit der Dinge den Sinn und Unsinn von manchem besser erkennen.\u201c<br \/>\n<\/em> Migizi<\/p>\n<p>Ich habe ein Jahr in der Wildnis der amerikanischen Northwoods verbracht und wie die ans\u00e4ssigen Indianer vor 500 oder 1000 Jahren gelebt.<br \/>\nDas Thema Natur durfte ich aus unterschiedlichsten Blickwinkeln wahrnehmen und erfahren.<\/p>\n<p>Reduktion und Einfacheit ist allen Naturv\u00f6lker gemein, denn sie sind in den Kreislauf<br \/>\ndes Auf- und Abbaus der Natur noch eingebunden. Verbunden mit dem, was uns die wundervolle Natur an Lebensraum offenbart, sind die Naturv\u00f6lker es im positiven wie im negativen Sinne.<\/p>\n<p>In Zeiten der globalen \u00dcberbev\u00f6lkerung k\u00f6nnte die Idee des innovativen R\u00fcckschritts und die Verbindung mit anderen Menschen und Fachgebieten Teil eines L\u00f6sungskonzept sein. Neue Technologien und Ideen, die den Energieverbrauch reduzieren sind mir wichtig. In der Permakultur sehe ich die Werkzeuge gegeben, um diesen innovativen R\u00fcckschritt zu einem <strong>besseren, leichteren und auch freudvolleren Leben<\/strong> machen zu k\u00f6nne. In meinen Kursen, Ausbildungen Trainings und Camps, m\u00f6chte ich erlebar machen, dass es in einem Kreis von Menschen mit weniger m\u00f6glich ist ein erf\u00fcllteres Leben zu leben.<\/p>\n<p>Um diesen R\u00fcckschritt gehen zu k\u00f6nnen m\u00f6chte ich das Leben als Naturvolk aus meinem Jahr im Wald mit Menschen teilen und ihnen die M\u00f6glichkeit geben, ein reduzierteres, einfacheres und erf\u00fcllteres Leben auszuprobieren.<\/p>\n<p><a href=\"http:\/\/www.iging.me\/wp-content\/uploads\/2014\/11\/IMG_7516.jpg\"><img loading=\"lazy\" decoding=\"async\" class=\"alignnone size-medium wp-image-283\" src=\"http:\/\/www.iging.me\/wp-content\/uploads\/2014\/11\/IMG_7516-300x225.jpg\" alt=\"IMG_7516\" width=\"300\" height=\"225\" srcset=\"https:\/\/www.iging.me\/wp-content\/uploads\/2014\/11\/IMG_7516-300x225.jpg 300w, https:\/\/www.iging.me\/wp-content\/uploads\/2014\/11\/IMG_7516-1024x768.jpg 1024w\" sizes=\"auto, (max-width: 300px) 100vw, 300px\" \/><\/a><\/p>\n","protected":false},"excerpt":{"rendered":"<p>\u201eVerbinde Dich mit der Natur, dann bist Du gut mit Dir selbst und anderen verbunden und kannst in der Einfachheit der Dinge den Sinn und Unsinn von manchem besser erkennen.\u201c Migizi Ich habe ein Jahr in der Wildnis der amerikanischen Northwoods verbracht und wie die ans\u00e4ssigen Indianer vor 500 oder 1000 Jahren gelebt. Das Thema &hellip; <a href=\"https:\/\/www.iging.me\/?page_id=15\" class=\"more-link\"><span class=\"screen-reader-text\">getconnected to nature, self, others and origin Philosophie<\/span> weiterlesen <span class=\"meta-nav\">&rarr;<\/span><\/a><\/p>\n","protected":false},"author":1,"featured_media":388,"parent":0,"menu_order":0,"comment_status":"open","ping_status":"closed","template":"","meta":{"footnotes":""},"class_list":["post-15","page","type-page","status-publish","has-post-thumbnail","hentry"],"_links":{"self":[{"href":"https:\/\/www.iging.me\/index.php?rest_route=\/wp\/v2\/pages\/15","targetHints":{"allow":["GET"]}}],"collection":[{"href":"https:\/\/www.iging.me\/index.php?rest_route=\/wp\/v2\/pages"}],"about":[{"href":"https:\/\/www.iging.me\/index.php?rest_route=\/wp\/v2\/types\/page"}],"author":[{"embeddable":true,"href":"https:\/\/www.iging.me\/index.php?rest_route=\/wp\/v2\/users\/1"}],"replies":[{"embeddable":true,"href":"https:\/\/www.iging.me\/index.php?rest_route=%2Fwp%2Fv2%2Fcomments&post=15"}],"version-history":[{"count":46,"href":"https:\/\/www.iging.me\/index.php?rest_route=\/wp\/v2\/pages\/15\/revisions"}],"predecessor-version":[{"id":1009,"href":"https:\/\/www.iging.me\/index.php?rest_route=\/wp\/v2\/pages\/15\/revisions\/1009"}],"wp:featuredmedia":[{"embeddable":true,"href":"https:\/\/www.iging.me\/index.php?rest_route=\/wp\/v2\/media\/388"}],"wp:attachment":[{"href":"https:\/\/www.iging.me\/index.php?rest_route=%2Fwp%2Fv2%2Fmedia&parent=15"}],"curies":[{"name":"wp","href":"https:\/\/api.w.org\/{rel}","templated":true}]}}